{"id":151,"date":"2021-03-26T12:22:27","date_gmt":"2021-03-26T12:22:27","guid":{"rendered":"https:\/\/safe-driver.ch\/site\/?page_id=151"},"modified":"2025-03-11T03:51:36","modified_gmt":"2025-03-11T03:51:36","slug":"impressum","status":"publish","type":"page","link":"https:\/\/safe-driver.ch\/ar\/impressum\/","title":{"rendered":"Impressum"},"content":{"rendered":"<div data-elementor-type=\"wp-page\" data-elementor-id=\"151\" class=\"elementor elementor-151\" data-elementor-post-type=\"page\">\n\t\t\t\t\t\t<section class=\"elementor-section elementor-top-section elementor-element elementor-element-996ba07 elementor-section-full_width elementor-section-height-default elementor-section-height-default\" data-id=\"996ba07\" data-element_type=\"section\" data-e-type=\"section\" data-settings=\"{&quot;background_background&quot;:&quot;classic&quot;}\">\n\t\t\t\t\t\t\t<div class=\"elementor-background-overlay\"><\/div>\n\t\t\t\t\t\t\t<div class=\"elementor-container elementor-column-gap-no\">\n\t\t\t\t\t<div class=\"elementor-column elementor-col-100 elementor-top-column elementor-element elementor-element-84ce7c9\" data-id=\"84ce7c9\" data-element_type=\"column\" data-e-type=\"column\">\n\t\t\t<div class=\"elementor-widget-wrap elementor-element-populated\">\n\t\t\t\t\t\t<div class=\"elementor-element elementor-element-829add3 elementor-widget elementor-widget-spacer\" data-id=\"829add3\" data-element_type=\"widget\" data-e-type=\"widget\" data-widget_type=\"spacer.default\">\n\t\t\t\t<div class=\"elementor-widget-container\">\n\t\t\t\t\t\t\t<div class=\"elementor-spacer\">\n\t\t\t<div class=\"elementor-spacer-inner\"><\/div>\n\t\t<\/div>\n\t\t\t\t\t\t<\/div>\n\t\t\t\t<\/div>\n\t\t\t\t<section class=\"elementor-section elementor-inner-section elementor-element elementor-element-b0e8716 elementor-section-boxed elementor-section-height-default elementor-section-height-default\" data-id=\"b0e8716\" data-element_type=\"section\" data-e-type=\"section\">\n\t\t\t\t\t\t<div class=\"elementor-container elementor-column-gap-default\">\n\t\t\t\t\t<div class=\"elementor-column elementor-col-100 elementor-inner-column elementor-element elementor-element-3f79761\" data-id=\"3f79761\" data-element_type=\"column\" data-e-type=\"column\">\n\t\t\t<div class=\"elementor-widget-wrap elementor-element-populated\">\n\t\t\t\t\t\t<div class=\"elementor-element elementor-element-f94692e elementor-widget elementor-widget-heading\" data-id=\"f94692e\" data-element_type=\"widget\" data-e-type=\"widget\" data-widget_type=\"heading.default\">\n\t\t\t\t<div class=\"elementor-widget-container\">\n\t\t\t\t\t<h4 class=\"elementor-heading-title elementor-size-default\">\u0627\u062d\u0635\u0644 \u0639\u0644\u0649 \u0642\u064a\u0627\u062f\u0629 \u062e\u0627\u0635\u0629 \u0627\u0644\u0622\u0646\n<\/h4>\t\t\t\t<\/div>\n\t\t\t\t<\/div>\n\t\t\t\t<div class=\"elementor-element elementor-element-465a710 elementor-icon-list--layout-inline elementor-align-center elementor-list-item-link-full_width elementor-widget elementor-widget-icon-list\" data-id=\"465a710\" data-element_type=\"widget\" data-e-type=\"widget\" data-widget_type=\"icon-list.default\">\n\t\t\t\t<div class=\"elementor-widget-container\">\n\t\t\t\t\t\t\t<ul class=\"elementor-icon-list-items elementor-inline-items\">\n\t\t\t\t\t\t\t<li class=\"elementor-icon-list-item elementor-inline-item\">\n\t\t\t\t\t\t\t\t\t\t\t<a href=\"tel:+41%2076%20264%2055%2018\">\n\n\t\t\t\t\t\t\t\t\t\t\t\t<span class=\"elementor-icon-list-icon\">\n\t\t\t\t\t\t\t<i aria-hidden=\"true\" class=\"fab fa-whatsapp\"><\/i>\t\t\t\t\t\t<\/span>\n\t\t\t\t\t\t\t\t\t\t<span class=\"elementor-icon-list-text\">+41 76 264 55 18<\/span>\n\t\t\t\t\t\t\t\t\t\t\t<\/a>\n\t\t\t\t\t\t\t\t\t<\/li>\n\t\t\t\t\t\t<\/ul>\n\t\t\t\t\t\t<\/div>\n\t\t\t\t<\/div>\n\t\t\t\t<div class=\"elementor-element elementor-element-8674ca7 elementor-widget elementor-widget-heading\" data-id=\"8674ca7\" data-element_type=\"widget\" data-e-type=\"widget\" data-widget_type=\"heading.default\">\n\t\t\t\t<div class=\"elementor-widget-container\">\n\t\t\t\t\t<h4 class=\"elementor-heading-title elementor-size-default\"><a href=\"mailto:info@safe-driver.ch\">INFO@SAFE-DRIVER.CH<\/a><\/h4>\t\t\t\t<\/div>\n\t\t\t\t<\/div>\n\t\t\t\t\t<\/div>\n\t\t<\/div>\n\t\t\t\t\t<\/div>\n\t\t<\/section>\n\t\t\t\t\t<\/div>\n\t\t<\/div>\n\t\t\t\t\t<\/div>\n\t\t<\/section>\n\t\t\t\t<section class=\"elementor-section elementor-top-section elementor-element elementor-element-478e8364 elementor-section-boxed elementor-section-height-default elementor-section-height-default\" data-id=\"478e8364\" data-element_type=\"section\" data-e-type=\"section\">\n\t\t\t\t\t\t<div class=\"elementor-container elementor-column-gap-default\">\n\t\t\t\t\t<div class=\"elementor-column elementor-col-100 elementor-top-column elementor-element elementor-element-62eb5ebc\" data-id=\"62eb5ebc\" data-element_type=\"column\" data-e-type=\"column\">\n\t\t\t<div class=\"elementor-widget-wrap elementor-element-populated\">\n\t\t\t\t\t\t<div class=\"elementor-element elementor-element-e6040e2 elementor-widget elementor-widget-heading\" data-id=\"e6040e2\" data-element_type=\"widget\" data-e-type=\"widget\" data-widget_type=\"heading.default\">\n\t\t\t\t<div class=\"elementor-widget-container\">\n\t\t\t\t\t<h1 class=\"elementor-heading-title elementor-size-default\">Impressum<\/h1>\t\t\t\t<\/div>\n\t\t\t\t<\/div>\n\t\t\t\t<div class=\"elementor-element elementor-element-73e130d4 elementor-widget elementor-widget-text-editor\" data-id=\"73e130d4\" data-element_type=\"widget\" data-e-type=\"widget\" data-widget_type=\"text-editor.default\">\n\t\t\t\t<div class=\"elementor-widget-container\">\n\t\t\t\t\t\t\t\t\t<p><b>Verantwortliche Instanz:<\/b><br \/>Safe-Driver S\u00e0rl<br \/>Chemin des Peupliers 1<br \/>1752 Villars-sur-Gl\u00e2ne<br \/>Switzerland<br \/><strong>\u0628\u0631\u064a\u062f \u0625\u0644\u0643\u062a\u0631\u0648\u0646\u064a<\/strong>: info@safe-driver.ch<br \/><br \/><strong>Vertretungsberechtigte Personen<\/strong><br \/>Leonora Saliju<br \/><br \/><strong>Name des Unternehmens<\/strong>: Safe-Driver S\u00e0rl<br \/><strong>Registrationsnummer<\/strong>: CHE-348.084.511<br \/><strong>Umsatzsteuer-Identifikationsnummer<\/strong>: CHE-348.084.511 MWST<br \/><br \/><strong>Haftungsausschluss<\/strong><br \/>Der Autor \u00fcbernimmt keine Gew\u00e4hr f\u00fcr die Richtigkeit, Genauigkeit, Aktualit\u00e4t, Zuverl\u00e4ssigkeit und Vollst\u00e4ndigkeit der Informationen.<br \/>Haftungsanspr\u00fcche gegen den Autor wegen Sch\u00e4den materieller oder immaterieller Art, die aus dem Zugriff oder der Nutzung bzw. Nichtnutzung der ver\u00f6ffentlichten Informationen, durch Missbrauch der Verbindung oder durch technische St\u00f6rungen entstanden sind, werden ausgeschlossen.<br \/><br \/>Alle Angebote sind freibleibend. Der Autor beh\u00e4lt es sich ausdr\u00fccklich vor, Teile der Seiten oder das gesamte Angebot ohne gesonderte Ank\u00fcndigung zu ver\u00e4ndern, zu erg\u00e4nzen, zu l\u00f6schen oder die Ver\u00f6ffentlichung zeitweise oder endg\u00fcltig einzustellen.<br \/><br \/><strong>Haftungsausschluss f\u00fcr Inhalte und Links<\/strong><br \/>Verweise und Links auf Webseiten Dritter liegen ausserhalb unseres Verantwortungsbereichs. Es wird jegliche Verantwortung f\u00fcr solche Webseiten abgelehnt. Der Zugriff und die Nutzung solcher Webseiten erfolgen auf eigene Gefahr des jeweiligen Nutzers.<br \/><br \/><strong>Urheberrechtserkl\u00e4rung<\/strong><br \/>Die Urheber- und alle anderen Rechte an Inhalten, Bildern, Fotos oder anderen Dateien auf dieser Website, geh\u00f6ren ausschliesslich Safe-Driver S\u00e0rl oder den speziell genannten Rechteinhabern. F\u00fcr die Reproduktion jeglicher Elemente ist die schriftliche Zustimmung des Urheberrechtstr\u00e4gers im Voraus einzuholen.<br \/><br \/><strong>Quelle<\/strong>: <a style=\"color: inherit; text-decoration: none;\" href=\"https:\/\/brainbox.swiss\/\" rel=\"nofollow\">BrainBox Solutions<\/a><\/p>\t\t\t\t\t\t\t\t<\/div>\n\t\t\t\t<\/div>\n\t\t\t\t\t<\/div>\n\t\t<\/div>\n\t\t\t\t\t<\/div>\n\t\t<\/section>\n\t\t\t\t<\/div>","protected":false},"excerpt":{"rendered":"<p>get a Private Drive now +41 76 264 55 18 INFO@SAFE-DRIVER.CH Verantwortliche Instanz:Safe-Driver S\u00e0rlChemin des Peupliers 11752 Villars-sur-Gl\u00e2neSwitzerlandE-Mail: info@safe-driver.ch Vertretungsberechtigte PersonenLeonora Saliju Name des Unternehmens: Safe-Driver S\u00e0rlRegistrationsnummer: CHE-348.084.511Umsatzsteuer-Identifikationsnummer: CHE-348.084.511 MWST HaftungsausschlussDer Autor \u00fcbernimmt keine Gew\u00e4hr f\u00fcr die Richtigkeit, Genauigkeit, Aktualit\u00e4t, Zuverl\u00e4ssigkeit und Vollst\u00e4ndigkeit der Informationen.Haftungsanspr\u00fcche gegen den Autor wegen Sch\u00e4den materieller oder immaterieller Art, die [&hellip;]<\/p>\n","protected":false},"author":1,"featured_media":0,"parent":0,"menu_order":0,"comment_status":"closed","ping_status":"closed","template":"","meta":{"footnotes":""},"class_list":["post-151","page","type-page","status-publish","hentry"],"yoast_head":"<!-- This site is optimized with the Yoast SEO Premium plugin v27.3 (Yoast SEO v27.3) - https:\/\/yoast.com\/product\/yoast-seo-premium-wordpress\/ -->\n<title>Impressum - Safe Driver<\/title>\n<meta name=\"robots\" content=\"index, follow, max-snippet:-1, max-image-preview:large, max-video-preview:-1\" \/>\n<link rel=\"canonical\" href=\"https:\/\/safe-driver.ch\/ar\/impressum\/\" \/>\n<meta property=\"og:locale\" content=\"ar_AR\" \/>\n<meta property=\"og:type\" content=\"article\" \/>\n<meta property=\"og:title\" content=\"Impressum\" \/>\n<meta property=\"og:description\" content=\"get a Private Drive now +41 76 264 55 18 INFO@SAFE-DRIVER.CH Verantwortliche Instanz:Safe-Driver S\u00e0rlChemin des Peupliers 11752 Villars-sur-Gl\u00e2neSwitzerlandE-Mail: info@safe-driver.ch Vertretungsberechtigte PersonenLeonora Saliju Name des Unternehmens: Safe-Driver S\u00e0rlRegistrationsnummer: CHE-348.084.511Umsatzsteuer-Identifikationsnummer: CHE-348.084.511 MWST HaftungsausschlussDer Autor \u00fcbernimmt keine Gew\u00e4hr f\u00fcr die Richtigkeit, Genauigkeit, Aktualit\u00e4t, Zuverl\u00e4ssigkeit und Vollst\u00e4ndigkeit der Informationen.Haftungsanspr\u00fcche gegen den Autor wegen Sch\u00e4den materieller oder immaterieller Art, die [&hellip;]\" \/>\n<meta property=\"og:url\" content=\"https:\/\/safe-driver.ch\/ar\/impressum\/\" \/>\n<meta property=\"og:site_name\" content=\"Safe Driver\" \/>\n<meta property=\"article:publisher\" content=\"https:\/\/www.facebook.com\/SafeDriverCH\/\" \/>\n<meta property=\"article:modified_time\" content=\"2025-03-11T03:51:36+00:00\" \/>\n<meta name=\"twitter:card\" content=\"summary_large_image\" \/>\n<meta name=\"twitter:label1\" content=\"\u0648\u0642\u062a \u0627\u0644\u0642\u0631\u0627\u0621\u0629 \u0627\u0644\u0645\u064f\u0642\u062f\u0651\u0631\" \/>\n\t<meta name=\"twitter:data1\" content=\"\u062f\u0642\u064a\u0642\u0629 \u0648\u0627\u062d\u062f\u0629\" \/>\n<script type=\"application\/ld+json\" class=\"yoast-schema-graph\">{\"@context\":\"https:\\\/\\\/schema.org\",\"@graph\":[{\"@type\":\"WebPage\",\"@id\":\"https:\\\/\\\/safe-driver.ch\\\/impressum\\\/\",\"url\":\"https:\\\/\\\/safe-driver.ch\\\/impressum\\\/\",\"name\":\"Impressum - Safe Driver\",\"isPartOf\":{\"@id\":\"https:\\\/\\\/safe-driver.ch\\\/#website\"},\"datePublished\":\"2021-03-26T12:22:27+00:00\",\"dateModified\":\"2025-03-11T03:51:36+00:00\",\"breadcrumb\":{\"@id\":\"https:\\\/\\\/safe-driver.ch\\\/impressum\\\/#breadcrumb\"},\"inLanguage\":\"ar\",\"potentialAction\":[{\"@type\":\"ReadAction\",\"target\":[\"https:\\\/\\\/safe-driver.ch\\\/impressum\\\/\"]}]},{\"@type\":\"BreadcrumbList\",\"@id\":\"https:\\\/\\\/safe-driver.ch\\\/impressum\\\/#breadcrumb\",\"itemListElement\":[{\"@type\":\"ListItem\",\"position\":1,\"name\":\"Home\",\"item\":\"https:\\\/\\\/safe-driver.ch\\\/\"},{\"@type\":\"ListItem\",\"position\":2,\"name\":\"Impressum\"}]},{\"@type\":\"WebSite\",\"@id\":\"https:\\\/\\\/safe-driver.ch\\\/#website\",\"url\":\"https:\\\/\\\/safe-driver.ch\\\/\",\"name\":\"Safe Driver\",\"description\":\"Private Transfer Services | Switzerland Private Transfer | Airport transfer | Limousine Service\",\"potentialAction\":[{\"@type\":\"SearchAction\",\"target\":{\"@type\":\"EntryPoint\",\"urlTemplate\":\"https:\\\/\\\/safe-driver.ch\\\/?s={search_term_string}\"},\"query-input\":{\"@type\":\"PropertyValueSpecification\",\"valueRequired\":true,\"valueName\":\"search_term_string\"}}],\"inLanguage\":\"ar\"}]}<\/script>\n<!-- \/ Yoast SEO Premium plugin. -->","yoast_head_json":{"title":"Impressum - Safe Driver","robots":{"index":"index","follow":"follow","max-snippet":"max-snippet:-1","max-image-preview":"max-image-preview:large","max-video-preview":"max-video-preview:-1"},"canonical":"https:\/\/safe-driver.ch\/ar\/impressum\/","og_locale":"ar_AR","og_type":"article","og_title":"Impressum","og_description":"get a Private Drive now +41 76 264 55 18 INFO@SAFE-DRIVER.CH Verantwortliche Instanz:Safe-Driver S\u00e0rlChemin des Peupliers 11752 Villars-sur-Gl\u00e2neSwitzerlandE-Mail: info@safe-driver.ch Vertretungsberechtigte PersonenLeonora Saliju Name des Unternehmens: Safe-Driver S\u00e0rlRegistrationsnummer: CHE-348.084.511Umsatzsteuer-Identifikationsnummer: CHE-348.084.511 MWST HaftungsausschlussDer Autor \u00fcbernimmt keine Gew\u00e4hr f\u00fcr die Richtigkeit, Genauigkeit, Aktualit\u00e4t, Zuverl\u00e4ssigkeit und Vollst\u00e4ndigkeit der Informationen.Haftungsanspr\u00fcche gegen den Autor wegen Sch\u00e4den materieller oder immaterieller Art, die [&hellip;]","og_url":"https:\/\/safe-driver.ch\/ar\/impressum\/","og_site_name":"Safe Driver","article_publisher":"https:\/\/www.facebook.com\/SafeDriverCH\/","article_modified_time":"2025-03-11T03:51:36+00:00","twitter_card":"summary_large_image","twitter_misc":{"\u0648\u0642\u062a \u0627\u0644\u0642\u0631\u0627\u0621\u0629 \u0627\u0644\u0645\u064f\u0642\u062f\u0651\u0631":"\u062f\u0642\u064a\u0642\u0629 \u0648\u0627\u062d\u062f\u0629"},"schema":{"@context":"https:\/\/schema.org","@graph":[{"@type":"WebPage","@id":"https:\/\/safe-driver.ch\/impressum\/","url":"https:\/\/safe-driver.ch\/impressum\/","name":"Impressum - Safe Driver","isPartOf":{"@id":"https:\/\/safe-driver.ch\/#website"},"datePublished":"2021-03-26T12:22:27+00:00","dateModified":"2025-03-11T03:51:36+00:00","breadcrumb":{"@id":"https:\/\/safe-driver.ch\/impressum\/#breadcrumb"},"inLanguage":"ar","potentialAction":[{"@type":"ReadAction","target":["https:\/\/safe-driver.ch\/impressum\/"]}]},{"@type":"BreadcrumbList","@id":"https:\/\/safe-driver.ch\/impressum\/#breadcrumb","itemListElement":[{"@type":"ListItem","position":1,"name":"Home","item":"https:\/\/safe-driver.ch\/"},{"@type":"ListItem","position":2,"name":"Impressum"}]},{"@type":"WebSite","@id":"https:\/\/safe-driver.ch\/#website","url":"https:\/\/safe-driver.ch\/","name":"Safe Driver","description":"Private Transfer Services | Switzerland Private Transfer | Airport transfer | Limousine Service","potentialAction":[{"@type":"SearchAction","target":{"@type":"EntryPoint","urlTemplate":"https:\/\/safe-driver.ch\/?s={search_term_string}"},"query-input":{"@type":"PropertyValueSpecification","valueRequired":true,"valueName":"search_term_string"}}],"inLanguage":"ar"}]}},"_links":{"self":[{"href":"https:\/\/safe-driver.ch\/ar\/wp-json\/wp\/v2\/pages\/151","targetHints":{"allow":["GET"]}}],"collection":[{"href":"https:\/\/safe-driver.ch\/ar\/wp-json\/wp\/v2\/pages"}],"about":[{"href":"https:\/\/safe-driver.ch\/ar\/wp-json\/wp\/v2\/types\/page"}],"author":[{"embeddable":true,"href":"https:\/\/safe-driver.ch\/ar\/wp-json\/wp\/v2\/users\/1"}],"replies":[{"embeddable":true,"href":"https:\/\/safe-driver.ch\/ar\/wp-json\/wp\/v2\/comments?post=151"}],"version-history":[{"count":5,"href":"https:\/\/safe-driver.ch\/ar\/wp-json\/wp\/v2\/pages\/151\/revisions"}],"predecessor-version":[{"id":1233,"href":"https:\/\/safe-driver.ch\/ar\/wp-json\/wp\/v2\/pages\/151\/revisions\/1233"}],"wp:attachment":[{"href":"https:\/\/safe-driver.ch\/ar\/wp-json\/wp\/v2\/media?parent=151"}],"curies":[{"name":"wp","href":"https:\/\/api.w.org\/{rel}","templated":true}]}}